{"id":19,"date":"2026-03-12T20:43:15","date_gmt":"2026-03-12T13:43:15","guid":{"rendered":"https:\/\/keonhacai5.media\/?page_id=19"},"modified":"2026-03-12T20:43:15","modified_gmt":"2026-03-12T13:43:15","slug":"nha-cai-uy-tin","status":"publish","type":"page","link":"https:\/\/keonhacai5.media\/index.php\/nha-cai-uy-tin\/","title":{"rendered":"Nh\u00e0 c\u00e1i uy T\u00edn"},"content":{"rendered":"","protected":false},"excerpt":{"rendered":"","protected":false},"author":1,"featured_media":0,"parent":0,"menu_order":0,"comment_status":"closed","ping_status":"closed","template":"","meta":{"footnotes":""},"class_list":["post-19","page","type-page","status-publish","hentry"],"_links":{"self":[{"href":"https:\/\/keonhacai5.media\/index.php\/wp-json\/wp\/v2\/pages\/19","targetHints":{"allow":["GET"]}}],"collection":[{"href":"https:\/\/keonhacai5.media\/index.php\/wp-json\/wp\/v2\/pages"}],"about":[{"href":"https:\/\/keonhacai5.media\/index.php\/wp-json\/wp\/v2\/types\/page"}],"author":[{"embeddable":true,"href":"https:\/\/keonhacai5.media\/index.php\/wp-json\/wp\/v2\/users\/1"}],"replies":[{"embeddable":true,"href":"https:\/\/keonhacai5.media\/index.php\/wp-json\/wp\/v2\/comments?post=19"}],"version-history":[{"count":1,"href":"https:\/\/keonhacai5.media\/index.php\/wp-json\/wp\/v2\/pages\/19\/revisions"}],"predecessor-version":[{"id":25,"href":"https:\/\/keonhacai5.media\/index.php\/wp-json\/wp\/v2\/pages\/19\/revisions\/25"}],"wp:attachment":[{"href":"https:\/\/keonhacai5.media\/index.php\/wp-json\/wp\/v2\/media?parent=19"}],"curies":[{"name":"wp","href":"https:\/\/api.w.org\/{rel}","templated":true}]}}